{"id":454,"date":"2020-10-18T19:21:10","date_gmt":"2020-10-18T17:21:10","guid":{"rendered":"https:\/\/masterase.de\/Wordpress_Masterase\/?page_id=454"},"modified":"2024-03-15T12:09:23","modified_gmt":"2024-03-15T11:09:23","slug":"nextcloud","status":"publish","type":"page","link":"https:\/\/masterase.de\/Wordpress_Masterase\/nextcloud\/","title":{"rendered":"Nextcloud"},"content":{"rendered":"\n<p><strong>Nextcloud<\/strong> ist eine <a href=\"https:\/\/de.wikipedia.org\/wiki\/Freie_Software\">freie Software<\/a> f\u00fcr das Speichern von Daten (z.&nbsp;B. Dateien, Kalender, Kontakte etc.) auf einem <a href=\"https:\/\/de.wikipedia.org\/wiki\/Server\">Server<\/a>. Auf die Daten kann der Anwender sowohl \u00fcber eine <a href=\"https:\/\/de.wikipedia.org\/wiki\/Webinterface\">Weboberfl\u00e4che<\/a> als auch mit <a href=\"https:\/\/de.wikipedia.org\/wiki\/Client-Server-Modell\">Client<\/a>-Applikationen (Smartphone und Desktop) zugreifen. Server und Clients k\u00f6nnen sich dabei synchronisieren. Nextcloud erm\u00f6glicht dem Anwender dadurch, auf einen zentralen und konsistenten Datenbestand von vielen Endger\u00e4ten aus zuzugreifen und diesen mit anderen Anwendern optional zu teilen. Neben der Datenhaltung bietet Nextcloud Funktionalit\u00e4ten f\u00fcr Videokonferenzen und verschiedene Office-Applikationen \u00fcber die Weboberfl\u00e4che.<\/p>\n\n\n\n<p>Hier ist der Zugang zur OpenSource Cloud<\/p>\n\n\n\n<p>Anmerkung: Der Nextcloud Zugang wird aktuell modernisiert und auf eine neue PHP Version umgestellt.<\/p>\n\n\n\n<p><\/p>\n","protected":false},"excerpt":{"rendered":"<p>Nextcloud ist eine freie Software f\u00fcr das Speichern von Daten (z.&nbsp;B. Dateien, Kalender, Kontakte etc.) auf einem Server. Auf die Daten kann der Anwender sowohl \u00fcber eine Weboberfl\u00e4che als auch mit Client-Applikationen (Smartphone und Desktop) zugreifen. Server und Clients k\u00f6nnen sich dabei synchronisieren. Nextcloud erm\u00f6glicht dem Anwender dadurch, auf einen zentralen und konsistenten Datenbestand von &hellip; <\/p>\n<p class=\"link-more\"><a href=\"https:\/\/masterase.de\/Wordpress_Masterase\/nextcloud\/\" class=\"more-link\"><span class=\"screen-reader-text\">\u201eNextcloud\u201c <\/span>weiterlesen<\/a><\/p>\n","protected":false},"author":1,"featured_media":0,"parent":0,"menu_order":0,"comment_status":"closed","ping_status":"closed","template":"","meta":{"footnotes":""},"class_list":["post-454","page","type-page","status-publish","hentry"],"_links":{"self":[{"href":"https:\/\/masterase.de\/Wordpress_Masterase\/wp-json\/wp\/v2\/pages\/454","targetHints":{"allow":["GET"]}}],"collection":[{"href":"https:\/\/masterase.de\/Wordpress_Masterase\/wp-json\/wp\/v2\/pages"}],"about":[{"href":"https:\/\/masterase.de\/Wordpress_Masterase\/wp-json\/wp\/v2\/types\/page"}],"author":[{"embeddable":true,"href":"https:\/\/masterase.de\/Wordpress_Masterase\/wp-json\/wp\/v2\/users\/1"}],"replies":[{"embeddable":true,"href":"https:\/\/masterase.de\/Wordpress_Masterase\/wp-json\/wp\/v2\/comments?post=454"}],"version-history":[{"count":4,"href":"https:\/\/masterase.de\/Wordpress_Masterase\/wp-json\/wp\/v2\/pages\/454\/revisions"}],"predecessor-version":[{"id":895,"href":"https:\/\/masterase.de\/Wordpress_Masterase\/wp-json\/wp\/v2\/pages\/454\/revisions\/895"}],"wp:attachment":[{"href":"https:\/\/masterase.de\/Wordpress_Masterase\/wp-json\/wp\/v2\/media?parent=454"}],"curies":[{"name":"wp","href":"https:\/\/api.w.org\/{rel}","templated":true}]}}