{"id":172,"date":"2019-03-06T16:27:47","date_gmt":"2019-03-06T15:27:47","guid":{"rendered":"http:\/\/jette-design.de\/?page_id=172"},"modified":"2021-08-19T08:22:39","modified_gmt":"2021-08-19T06:22:39","slug":"masterasease-home-page","status":"publish","type":"page","link":"https:\/\/masterase.de\/Wordpress_Masterase\/","title":{"rendered":""},"content":{"rendered":"\n<p class=\"has-text-align-center\"><strong><br>Christian Schr\u00f6der IT Consulting &amp; Service<br>Humboldt Strasse 15<br><br>32791 Lage<\/strong><\/p>\n\n\n\n<hr class=\"wp-block-separator\"\/>\n\n\n\n<h3 class=\"has-text-align-center wp-block-heading\">Unternehmensleitbild<\/h3>\n\n\n\n<hr class=\"wp-block-separator\"\/>\n\n\n\n<p class=\"has-drop-cap\"> Ein intensiver Dialog \u00fcber die Bed\u00fcrfnisse des Kunden, kreative Probleml\u00f6sungskompetenz sowie Servicebereitschaft sind die Basis auf der Vertrauen und Loyalit\u00e4t entstehen!<\/p>\n\n\n\n<hr class=\"wp-block-separator\"\/>\n\n\n\n<p class=\"has-drop-cap\">F\u00fcr den Erfolg einer ganzheitlichen Kundenbetreuung ist der stete Blick \u00fcber den Tellerrand, die Unabh\u00e4ngigkeit und die Zusammenarbeit mit seri\u00f6sen Kooperationspartnern unerl\u00e4sslich!<\/p>\n\n\n\n<hr class=\"wp-block-separator\"\/>\n","protected":false},"excerpt":{"rendered":"<p>Christian Schr\u00f6der IT Consulting &amp; ServiceHumboldt Strasse 15 32791 Lage Unternehmensleitbild Ein intensiver Dialog \u00fcber die Bed\u00fcrfnisse des Kunden, kreative Probleml\u00f6sungskompetenz sowie Servicebereitschaft sind die Basis auf der Vertrauen und Loyalit\u00e4t entstehen! F\u00fcr den Erfolg einer ganzheitlichen Kundenbetreuung ist der stete Blick \u00fcber den Tellerrand, die Unabh\u00e4ngigkeit und die Zusammenarbeit mit seri\u00f6sen Kooperationspartnern unerl\u00e4sslich!<\/p>\n","protected":false},"author":1,"featured_media":198,"parent":0,"menu_order":0,"comment_status":"closed","ping_status":"closed","template":"","meta":{"footnotes":""},"class_list":["post-172","page","type-page","status-publish","has-post-thumbnail","hentry"],"_links":{"self":[{"href":"https:\/\/masterase.de\/Wordpress_Masterase\/wp-json\/wp\/v2\/pages\/172","targetHints":{"allow":["GET"]}}],"collection":[{"href":"https:\/\/masterase.de\/Wordpress_Masterase\/wp-json\/wp\/v2\/pages"}],"about":[{"href":"https:\/\/masterase.de\/Wordpress_Masterase\/wp-json\/wp\/v2\/types\/page"}],"author":[{"embeddable":true,"href":"https:\/\/masterase.de\/Wordpress_Masterase\/wp-json\/wp\/v2\/users\/1"}],"replies":[{"embeddable":true,"href":"https:\/\/masterase.de\/Wordpress_Masterase\/wp-json\/wp\/v2\/comments?post=172"}],"version-history":[{"count":2,"href":"https:\/\/masterase.de\/Wordpress_Masterase\/wp-json\/wp\/v2\/pages\/172\/revisions"}],"predecessor-version":[{"id":629,"href":"https:\/\/masterase.de\/Wordpress_Masterase\/wp-json\/wp\/v2\/pages\/172\/revisions\/629"}],"wp:featuredmedia":[{"embeddable":true,"href":"https:\/\/masterase.de\/Wordpress_Masterase\/wp-json\/wp\/v2\/media\/198"}],"wp:attachment":[{"href":"https:\/\/masterase.de\/Wordpress_Masterase\/wp-json\/wp\/v2\/media?parent=172"}],"curies":[{"name":"wp","href":"https:\/\/api.w.org\/{rel}","templated":true}]}}